{"id":17,"date":"2018-11-20T19:34:11","date_gmt":"2018-11-20T19:34:11","guid":{"rendered":"http:\/\/capitalgroup.tech\/?page_id=17"},"modified":"2026-03-16T21:38:19","modified_gmt":"2026-03-16T21:38:19","slug":"inicio","status":"publish","type":"page","link":"https:\/\/capitalgroup.tech\/","title":{"rendered":"Inicio"},"content":{"rendered":"\t\t<div data-elementor-type=\"wp-page\" data-elementor-id=\"17\" class=\"elementor elementor-17\">\n\t\t\t\t<div class=\"elementor-element elementor-element-2826147 e-flex e-con-boxed e-con e-parent\" data-id=\"2826147\" data-element_type=\"container\" data-e-type=\"container\">\n\t\t\t\t\t<div class=\"e-con-inner\">\n\t\t\t\t<div class=\"elementor-element elementor-element-0744c3d elementor-widget elementor-widget-image\" data-id=\"0744c3d\" data-element_type=\"widget\" data-e-type=\"widget\" data-widget_type=\"image.default\">\n\t\t\t\t\t\t\t\t\t\t\t\t\t\t\t<img fetchpriority=\"high\" decoding=\"async\" width=\"1200\" height=\"709\" src=\"https:\/\/capitalgroup.tech\/wp-content\/uploads\/2023\/08\/Dollarphotoclub_64403705-scaled-e1692999243815.jpg\" class=\"attachment-full size-full wp-image-59\" alt=\"\" srcset=\"https:\/\/capitalgroup.tech\/wp-content\/uploads\/2023\/08\/Dollarphotoclub_64403705-scaled-e1692999243815.jpg 1200w, https:\/\/capitalgroup.tech\/wp-content\/uploads\/2023\/08\/Dollarphotoclub_64403705-scaled-e1692999243815-300x177.jpg 300w, https:\/\/capitalgroup.tech\/wp-content\/uploads\/2023\/08\/Dollarphotoclub_64403705-scaled-e1692999243815-1024x605.jpg 1024w, https:\/\/capitalgroup.tech\/wp-content\/uploads\/2023\/08\/Dollarphotoclub_64403705-scaled-e1692999243815-768x454.jpg 768w\" sizes=\"(max-width: 1200px) 100vw, 1200px\" \/>\t\t\t\t\t\t\t\t\t\t\t\t\t\t\t<\/div>\n\t\t\t\t\t<\/div>\n\t\t\t\t<\/div>\n\t\t<div class=\"elementor-element elementor-element-bd481d6 e-flex e-con-boxed e-con e-parent\" data-id=\"bd481d6\" data-element_type=\"container\" data-e-type=\"container\">\n\t\t\t\t\t<div class=\"e-con-inner\">\n\t\t\t\t<div class=\"elementor-element elementor-element-0adc246 elementor-widget elementor-widget-heading\" data-id=\"0adc246\" data-element_type=\"widget\" data-e-type=\"widget\" data-widget_type=\"heading.default\">\n\t\t\t\t\t<h2 class=\"elementor-heading-title elementor-size-default\">Impulsamos el crecimiento de tu empresa con estrategia, tecnolog\u00eda y talento.<\/h2>\t\t\t\t<\/div>\n\t\t\t\t\t<\/div>\n\t\t\t\t<\/div>\n\t\t<div class=\"elementor-element elementor-element-4ea42bf e-flex e-con-boxed e-con e-parent\" data-id=\"4ea42bf\" data-element_type=\"container\" data-e-type=\"container\">\n\t\t\t\t\t<div class=\"e-con-inner\">\n\t\t\t\t<div class=\"elementor-element elementor-element-f824b49 elementor-widget-divider--view-line elementor-widget elementor-widget-divider\" data-id=\"f824b49\" data-element_type=\"widget\" data-e-type=\"widget\" data-widget_type=\"divider.default\">\n\t\t\t\t\t\t\t<div class=\"elementor-divider\">\n\t\t\t<span class=\"elementor-divider-separator\">\n\t\t\t\t\t\t<\/span>\n\t\t<\/div>\n\t\t\t\t\t\t<\/div>\n\t\t\t\t\t<\/div>\n\t\t\t\t<\/div>\n\t\t<div class=\"elementor-element elementor-element-de268e9 e-grid e-con-boxed e-con e-parent\" data-id=\"de268e9\" data-element_type=\"container\" data-e-type=\"container\">\n\t\t\t\t\t<div class=\"e-con-inner\">\n\t\t\t\t<div class=\"elementor-element elementor-element-b4f4d26 elementor-widget elementor-widget-heading\" data-id=\"b4f4d26\" data-element_type=\"widget\" data-e-type=\"widget\" data-widget_type=\"heading.default\">\n\t\t\t\t\t<h2 class=\"elementor-heading-title elementor-size-default\">\u00bfTe suena familiar?<\/h2>\t\t\t\t<\/div>\n\t\t\t\t<div class=\"elementor-element elementor-element-2ed97f6 elementor-widget elementor-widget-text-editor\" data-id=\"2ed97f6\" data-element_type=\"widget\" data-e-type=\"widget\" data-widget_type=\"text-editor.default\">\n\t\t\t\t\t\t\t\t\t<p><strong>Ordenamos y potenciamos <\/strong><strong>tu empresa<\/strong><\/p>\t\t\t\t\t\t\t\t<\/div>\n\t\t\t\t<div class=\"elementor-element elementor-element-a8882e0 elementor-widget elementor-widget-heading\" data-id=\"a8882e0\" data-element_type=\"widget\" data-e-type=\"widget\" data-widget_type=\"heading.default\">\n\t\t\t\t\t<h2 class=\"elementor-heading-title elementor-size-default\">Servicios<\/h2>\t\t\t\t<\/div>\n\t\t\t\t\t<\/div>\n\t\t\t\t<\/div>\n\t\t<div class=\"elementor-element elementor-element-1ae426d e-grid e-con-boxed e-con e-parent\" data-id=\"1ae426d\" data-element_type=\"container\" data-e-type=\"container\">\n\t\t\t\t\t<div class=\"e-con-inner\">\n\t\t\t\t<div class=\"elementor-element elementor-element-61928c0 elementor-widget elementor-widget-text-editor\" data-id=\"61928c0\" data-element_type=\"widget\" data-e-type=\"widget\" data-widget_type=\"text-editor.default\">\n\t\t\t\t\t\t\t\t\t<ul>\n<li>Procesos manuales<\/li>\n<li>Informaci\u00f3n dispersa<\/li>\n<li>Falta de control<\/li>\n<li>Decisiones sin datos<\/li>\n<\/ul>\t\t\t\t\t\t\t\t<\/div>\n\t\t\t\t<div class=\"elementor-element elementor-element-6f00efa elementor-widget elementor-widget-text-editor\" data-id=\"6f00efa\" data-element_type=\"widget\" data-e-type=\"widget\" data-widget_type=\"text-editor.default\">\n\t\t\t\t\t\t\t\t\t<p>Integramos tecnolog\u00eda, talento humano y estrategia para ayudarte a crecer con control.<\/p>\t\t\t\t\t\t\t\t<\/div>\n\t\t\t\t<div class=\"elementor-element elementor-element-27c595c elementor-widget elementor-widget-text-editor\" data-id=\"27c595c\" data-element_type=\"widget\" data-e-type=\"widget\" data-widget_type=\"text-editor.default\">\n\t\t\t\t\t\t\t\t\t<ul>\n<li data-section-id=\"cfbcer\" data-start=\"1676\" data-end=\"1690\">\n<p data-start=\"1678\" data-end=\"1690\">Tecnolog\u00eda<\/p>\n<\/li>\n<li data-section-id=\"t44tt\" data-start=\"1691\" data-end=\"1709\">\n<p data-start=\"1693\" data-end=\"1709\">Talento Humano<\/p>\n<\/li>\n<li data-section-id=\"zvkhet\" data-start=\"1710\" data-end=\"1725\">\n<p data-start=\"1712\" data-end=\"1725\">Consultor\u00eda<\/p>\n<\/li>\n<li data-section-id=\"1qm4kx4\" data-start=\"1726\" data-end=\"1739\">\n<p data-start=\"1728\" data-end=\"1739\">Formaci\u00f3n<\/p>\n<\/li>\n<\/ul>\t\t\t\t\t\t\t\t<\/div>\n\t\t\t\t\t<\/div>\n\t\t\t\t<\/div>\n\t\t<div class=\"elementor-element elementor-element-5dd60df e-flex e-con-boxed e-con e-parent\" data-id=\"5dd60df\" data-element_type=\"container\" data-e-type=\"container\">\n\t\t\t\t\t<div class=\"e-con-inner\">\n\t\t\t\t<div class=\"elementor-element elementor-element-0049278 elementor-widget-divider--view-line elementor-widget elementor-widget-divider\" data-id=\"0049278\" data-element_type=\"widget\" data-e-type=\"widget\" data-widget_type=\"divider.default\">\n\t\t\t\t\t\t\t<div class=\"elementor-divider\">\n\t\t\t<span class=\"elementor-divider-separator\">\n\t\t\t\t\t\t<\/span>\n\t\t<\/div>\n\t\t\t\t\t\t<\/div>\n\t\t\t\t<div class=\"elementor-element elementor-element-640c246 elementor-widget elementor-widget-heading\" data-id=\"640c246\" data-element_type=\"widget\" data-e-type=\"widget\" data-widget_type=\"heading.default\">\n\t\t\t\t\t<h2 class=\"elementor-heading-title elementor-size-default\">Acompa\u00f1amos a empresas que quieren orden, eficiencia y resultados reales.<\/h2>\t\t\t\t<\/div>\n\t\t\t\t\t<\/div>\n\t\t\t\t<\/div>\n\t\t<div class=\"elementor-element elementor-element-36fd4c5 e-flex e-con-boxed e-con e-parent\" data-id=\"36fd4c5\" data-element_type=\"container\" data-e-type=\"container\">\n\t\t\t\t\t<div class=\"e-con-inner\">\n\t\t<div class=\"elementor-element elementor-element-342373b e-con-full e-flex e-con e-child\" data-id=\"342373b\" data-element_type=\"container\" data-e-type=\"container\">\n\t\t\t\t<div class=\"elementor-element elementor-element-bb4860e elementor-widget elementor-widget-image\" data-id=\"bb4860e\" data-element_type=\"widget\" data-e-type=\"widget\" data-widget_type=\"image.default\">\n\t\t\t\t\t\t\t\t\t\t\t\t\t\t\t<img decoding=\"async\" width=\"768\" height=\"513\" src=\"https:\/\/capitalgroup.tech\/wp-content\/uploads\/2023\/08\/3-768x513.jpg\" class=\"attachment-medium_large size-medium_large wp-image-144\" alt=\"\" srcset=\"https:\/\/capitalgroup.tech\/wp-content\/uploads\/2023\/08\/3-768x513.jpg 768w, https:\/\/capitalgroup.tech\/wp-content\/uploads\/2023\/08\/3-300x200.jpg 300w, https:\/\/capitalgroup.tech\/wp-content\/uploads\/2023\/08\/3.jpg 916w\" sizes=\"(max-width: 768px) 100vw, 768px\" \/>\t\t\t\t\t\t\t\t\t\t\t\t\t\t\t<\/div>\n\t\t\t\t<\/div>\n\t\t\t\t<div class=\"elementor-element elementor-element-994e55f elementor-widget elementor-widget-text-editor\" data-id=\"994e55f\" data-element_type=\"widget\" data-e-type=\"widget\" data-widget_type=\"text-editor.default\">\n\t\t\t\t\t\t\t\t\t<p>\u00a0<\/p><p>Muchas empresas crecen\u2026 pero por dentro siguen desordenadas.<\/p><ul><li>Procesos manuales que consumen tiempo<\/li><li>Informaci\u00f3n dispersa<\/li><li>Decisiones sin datos claros<\/li><li>Equipos que no rinden al m\u00e1ximo<\/li><\/ul><p>\ud83d\udc49 Y eso termina costando dinero, tiempo y energ\u00eda.<\/p>\t\t\t\t\t\t\t\t<\/div>\n\t\t\t\t\t<\/div>\n\t\t\t\t<\/div>\n\t\t<div class=\"elementor-element elementor-element-2cac798 e-flex e-con-boxed e-con e-parent\" data-id=\"2cac798\" data-element_type=\"container\" data-e-type=\"container\">\n\t\t\t\t\t<div class=\"e-con-inner\">\n\t\t\t\t<div class=\"elementor-element elementor-element-d1d4be4 elementor-widget-divider--view-line elementor-widget elementor-widget-divider\" data-id=\"d1d4be4\" data-element_type=\"widget\" data-e-type=\"widget\" data-widget_type=\"divider.default\">\n\t\t\t\t\t\t\t<div class=\"elementor-divider\">\n\t\t\t<span class=\"elementor-divider-separator\">\n\t\t\t\t\t\t<\/span>\n\t\t<\/div>\n\t\t\t\t\t\t<\/div>\n\t\t\t\t\t<\/div>\n\t\t\t\t<\/div>\n\t\t<div class=\"elementor-element elementor-element-33e74bd e-con-full e-flex e-con e-parent\" data-id=\"33e74bd\" data-element_type=\"container\" data-e-type=\"container\">\n\t\t<div class=\"elementor-element elementor-element-a1d5ad2 e-con-full e-flex e-con e-child\" data-id=\"a1d5ad2\" data-element_type=\"container\" data-e-type=\"container\">\n\t\t\t\t<div class=\"elementor-element elementor-element-fd5589e elementor-widget elementor-widget-text-editor\" data-id=\"fd5589e\" data-element_type=\"widget\" data-e-type=\"widget\" data-widget_type=\"text-editor.default\">\n\t\t\t\t\t\t\t\t\t<p>En Capital Group no solo implementamos herramientas. <strong>Te ayudamos a ordenar, optimizar y escalar tu empresa. <\/strong>Integramos tres pilares clave:<\/p><ul><li>Tecnolog\u00eda (software a medida y soluciones digitales)<\/li><li>Gesti\u00f3n de talento humano (Spyral Software)<\/li><li>Consultor\u00eda estrat\u00e9gica<\/li><\/ul><p><strong>Todo conectado para que tu empresa funcione mejor.<\/strong><\/p>\t\t\t\t\t\t\t\t<\/div>\n\t\t\t\t<\/div>\n\t\t\t\t<div class=\"elementor-element elementor-element-2180b1e elementor-widget elementor-widget-image\" data-id=\"2180b1e\" data-element_type=\"widget\" data-e-type=\"widget\" data-widget_type=\"image.default\">\n\t\t\t\t\t\t\t\t\t\t\t\t\t\t\t<img decoding=\"async\" src=\"https:\/\/capitalgroup.tech\/wp-content\/uploads\/2023\/08\/8-e1693018743153.jpg\" title=\"8\" alt=\"8\" loading=\"lazy\" \/>\t\t\t\t\t\t\t\t\t\t\t\t\t\t\t<\/div>\n\t\t\t\t<\/div>\n\t\t<div class=\"elementor-element elementor-element-2a51d9d e-flex e-con-boxed e-con e-parent\" data-id=\"2a51d9d\" data-element_type=\"container\" data-e-type=\"container\">\n\t\t\t\t\t<div class=\"e-con-inner\">\n\t\t\t\t<div class=\"elementor-element elementor-element-1273900 elementor-widget__width-initial elementor-align-left elementor-widget elementor-widget-button\" data-id=\"1273900\" data-element_type=\"widget\" data-e-type=\"widget\" data-widget_type=\"button.default\">\n\t\t\t\t\t\t\t\t\t\t<a class=\"elementor-button elementor-button-link elementor-size-sm\" href=\"https:\/\/capitalgroup.tech\/index.php\/spyral\/\">\n\t\t\t\t\t\t<span class=\"elementor-button-content-wrapper\">\n\t\t\t\t\t\t\t\t\t<span class=\"elementor-button-text\">M\u00e1s Info Spyral Software<\/span>\n\t\t\t\t\t<\/span>\n\t\t\t\t\t<\/a>\n\t\t\t\t\t\t\t\t<\/div>\n\t\t\t\t\t<\/div>\n\t\t\t\t<\/div>\n\t\t<div class=\"elementor-element elementor-element-9569125 e-grid e-con-boxed e-con e-parent\" data-id=\"9569125\" data-element_type=\"container\" data-e-type=\"container\">\n\t\t\t\t\t<div class=\"e-con-inner\">\n\t\t\t\t<div class=\"elementor-element elementor-element-2b1e95c elementor-widget elementor-widget-image\" data-id=\"2b1e95c\" data-element_type=\"widget\" data-e-type=\"widget\" data-widget_type=\"image.default\">\n\t\t\t\t\t\t\t\t\t\t\t\t\t\t\t<img decoding=\"async\" width=\"768\" height=\"509\" src=\"https:\/\/capitalgroup.tech\/wp-content\/uploads\/2023\/08\/ESPYRAL-768x509.jpg\" class=\"attachment-medium_large size-medium_large wp-image-254\" alt=\"\" srcset=\"https:\/\/capitalgroup.tech\/wp-content\/uploads\/2023\/08\/ESPYRAL-768x509.jpg 768w, https:\/\/capitalgroup.tech\/wp-content\/uploads\/2023\/08\/ESPYRAL-300x199.jpg 300w, https:\/\/capitalgroup.tech\/wp-content\/uploads\/2023\/08\/ESPYRAL-1024x678.jpg 1024w, https:\/\/capitalgroup.tech\/wp-content\/uploads\/2023\/08\/ESPYRAL.jpg 1182w\" sizes=\"(max-width: 768px) 100vw, 768px\" \/>\t\t\t\t\t\t\t\t\t\t\t\t\t\t\t<\/div>\n\t\t\t\t<div class=\"elementor-element elementor-element-6de5a2c elementor-widget elementor-widget-image\" data-id=\"6de5a2c\" data-element_type=\"widget\" data-e-type=\"widget\" data-widget_type=\"image.default\">\n\t\t\t\t\t\t\t\t\t\t\t\t\t\t\t<img loading=\"lazy\" decoding=\"async\" width=\"768\" height=\"490\" src=\"https:\/\/capitalgroup.tech\/wp-content\/uploads\/2023\/08\/ficha-empleado--768x490.jpg\" class=\"attachment-medium_large size-medium_large wp-image-253\" alt=\"\" srcset=\"https:\/\/capitalgroup.tech\/wp-content\/uploads\/2023\/08\/ficha-empleado--768x490.jpg 768w, https:\/\/capitalgroup.tech\/wp-content\/uploads\/2023\/08\/ficha-empleado--300x191.jpg 300w, https:\/\/capitalgroup.tech\/wp-content\/uploads\/2023\/08\/ficha-empleado--1024x653.jpg 1024w, https:\/\/capitalgroup.tech\/wp-content\/uploads\/2023\/08\/ficha-empleado-.jpg 1200w\" sizes=\"(max-width: 768px) 100vw, 768px\" \/>\t\t\t\t\t\t\t\t\t\t\t\t\t\t\t<\/div>\n\t\t\t\t<div class=\"elementor-element elementor-element-c600f85 elementor-widget elementor-widget-image\" data-id=\"c600f85\" data-element_type=\"widget\" data-e-type=\"widget\" data-widget_type=\"image.default\">\n\t\t\t\t\t\t\t\t\t\t\t\t\t\t\t<img loading=\"lazy\" decoding=\"async\" width=\"1024\" height=\"624\" src=\"https:\/\/capitalgroup.tech\/wp-content\/uploads\/2023\/08\/EVALUACION-1024x624.png\" class=\"attachment-large size-large wp-image-258\" alt=\"\" srcset=\"https:\/\/capitalgroup.tech\/wp-content\/uploads\/2023\/08\/EVALUACION-1024x624.png 1024w, https:\/\/capitalgroup.tech\/wp-content\/uploads\/2023\/08\/EVALUACION-300x183.png 300w, https:\/\/capitalgroup.tech\/wp-content\/uploads\/2023\/08\/EVALUACION-768x468.png 768w, https:\/\/capitalgroup.tech\/wp-content\/uploads\/2023\/08\/EVALUACION.png 1353w\" sizes=\"(max-width: 1024px) 100vw, 1024px\" \/>\t\t\t\t\t\t\t\t\t\t\t\t\t\t\t<\/div>\n\t\t\t\t<div class=\"elementor-element elementor-element-906c227 elementor-widget elementor-widget-image\" data-id=\"906c227\" data-element_type=\"widget\" data-e-type=\"widget\" data-widget_type=\"image.default\">\n\t\t\t\t\t\t\t\t\t\t\t\t\t\t\t<img loading=\"lazy\" decoding=\"async\" width=\"768\" height=\"498\" src=\"https:\/\/capitalgroup.tech\/wp-content\/uploads\/2023\/08\/control-asistencia-768x498.png\" class=\"attachment-medium_large size-medium_large wp-image-256\" alt=\"\" srcset=\"https:\/\/capitalgroup.tech\/wp-content\/uploads\/2023\/08\/control-asistencia-768x498.png 768w, https:\/\/capitalgroup.tech\/wp-content\/uploads\/2023\/08\/control-asistencia-300x195.png 300w, https:\/\/capitalgroup.tech\/wp-content\/uploads\/2023\/08\/control-asistencia-1024x664.png 1024w, https:\/\/capitalgroup.tech\/wp-content\/uploads\/2023\/08\/control-asistencia.png 1081w\" sizes=\"(max-width: 768px) 100vw, 768px\" \/>\t\t\t\t\t\t\t\t\t\t\t\t\t\t\t<\/div>\n\t\t\t\t\t<\/div>\n\t\t\t\t<\/div>\n\t\t\t\t<\/div>\n\t\t","protected":false},"excerpt":{"rendered":"<p>Impulsamos el crecimiento de tu empresa con estrategia, tecnolog\u00eda y talento. \u00bfTe suena familiar? Ordenamos y potenciamos tu empresa Servicios Procesos manuales Informaci\u00f3n dispersa Falta de control Decisiones sin datos Integramos tecnolog\u00eda, talento humano y estrategia para ayudarte a crecer con control. Tecnolog\u00eda Talento Humano Consultor\u00eda Formaci\u00f3n Acompa\u00f1amos a empresas que quieren orden, eficiencia y&#8230;<\/p>\n","protected":false},"author":1,"featured_media":63,"parent":0,"menu_order":0,"comment_status":"closed","ping_status":"closed","template":"","meta":{"_kad_post_transparent":"","_kad_post_title":"","_kad_post_layout":"","_kad_post_sidebar_id":"","_kad_post_content_style":"","_kad_post_vertical_padding":"","_kad_post_feature":"","_kad_post_feature_position":"","_kad_post_header":false,"_kad_post_footer":false,"_kad_post_classname":"","footnotes":""},"class_list":["post-17","page","type-page","status-publish","has-post-thumbnail","hentry"],"_links":{"self":[{"href":"https:\/\/capitalgroup.tech\/index.php\/wp-json\/wp\/v2\/pages\/17","targetHints":{"allow":["GET"]}}],"collection":[{"href":"https:\/\/capitalgroup.tech\/index.php\/wp-json\/wp\/v2\/pages"}],"about":[{"href":"https:\/\/capitalgroup.tech\/index.php\/wp-json\/wp\/v2\/types\/page"}],"author":[{"embeddable":true,"href":"https:\/\/capitalgroup.tech\/index.php\/wp-json\/wp\/v2\/users\/1"}],"replies":[{"embeddable":true,"href":"https:\/\/capitalgroup.tech\/index.php\/wp-json\/wp\/v2\/comments?post=17"}],"version-history":[{"count":70,"href":"https:\/\/capitalgroup.tech\/index.php\/wp-json\/wp\/v2\/pages\/17\/revisions"}],"predecessor-version":[{"id":358,"href":"https:\/\/capitalgroup.tech\/index.php\/wp-json\/wp\/v2\/pages\/17\/revisions\/358"}],"wp:featuredmedia":[{"embeddable":true,"href":"https:\/\/capitalgroup.tech\/index.php\/wp-json\/wp\/v2\/media\/63"}],"wp:attachment":[{"href":"https:\/\/capitalgroup.tech\/index.php\/wp-json\/wp\/v2\/media?parent=17"}],"curies":[{"name":"wp","href":"https:\/\/api.w.org\/{rel}","templated":true}]}}